{"id":1998,"date":"2026-03-10T17:17:44","date_gmt":"2026-03-10T17:17:44","guid":{"rendered":"https:\/\/www.pracownialogistyka.pl\/?page_id=1998"},"modified":"2026-03-12T10:49:11","modified_gmt":"2026-03-12T10:49:11","slug":"o-mnie","status":"publish","type":"page","link":"https:\/\/www.pracownialogistyka.pl\/","title":{"rendered":"O mnie"},"content":{"rendered":"\t\t<div data-elementor-type=\"wp-page\" data-elementor-id=\"1998\" class=\"elementor elementor-1998\" data-elementor-post-type=\"page\">\n\t\t\t\t\t\t<section class=\"penci-section penci-disSticky penci-structure-10 elementor-section elementor-top-section elementor-element elementor-element-3bd8d15 elementor-section-boxed elementor-section-height-default elementor-section-height-default\" data-id=\"3bd8d15\" data-element_type=\"section\" data-e-type=\"section\">\n\t\t\t\t\t\t<div class=\"elementor-container elementor-column-gap-default\">\n\t\t\t\t\t<div class=\"penci-ercol-100 penci-ercol-order-1 penci-sticky-ct  elementor-column elementor-col-100 elementor-top-column elementor-element elementor-element-fa33e15\" data-id=\"fa33e15\" data-element_type=\"column\" data-e-type=\"column\">\n\t\t\t<div class=\"elementor-widget-wrap elementor-element-populated\">\n\t\t\t\t\t\t<div class=\"elementor-element elementor-element-2c531c7 elementor-widget__width-initial elementor-widget elementor-widget-image\" data-id=\"2c531c7\" data-element_type=\"widget\" data-e-type=\"widget\" data-widget_type=\"image.default\">\n\t\t\t\t<div class=\"elementor-widget-container\">\n\t\t\t\t\t\t\t\t\t\t\t\t\t\t\t<img fetchpriority=\"high\" decoding=\"async\" width=\"1600\" height=\"265\" src=\"https:\/\/www.pracownialogistyka.pl\/wp-content\/uploads\/2020\/05\/cropped-city-3213676_1280.jpg\" class=\"attachment-full size-full wp-image-194\" alt=\"\" srcset=\"https:\/\/www.pracownialogistyka.pl\/wp-content\/uploads\/2020\/05\/cropped-city-3213676_1280.jpg 1600w, https:\/\/www.pracownialogistyka.pl\/wp-content\/uploads\/2020\/05\/cropped-city-3213676_1280-300x50.jpg 300w, https:\/\/www.pracownialogistyka.pl\/wp-content\/uploads\/2020\/05\/cropped-city-3213676_1280-1024x170.jpg 1024w, https:\/\/www.pracownialogistyka.pl\/wp-content\/uploads\/2020\/05\/cropped-city-3213676_1280-768x127.jpg 768w, https:\/\/www.pracownialogistyka.pl\/wp-content\/uploads\/2020\/05\/cropped-city-3213676_1280-1536x254.jpg 1536w, https:\/\/www.pracownialogistyka.pl\/wp-content\/uploads\/2020\/05\/cropped-city-3213676_1280-1170x194.jpg 1170w, https:\/\/www.pracownialogistyka.pl\/wp-content\/uploads\/2020\/05\/cropped-city-3213676_1280-585x97.jpg 585w\" sizes=\"(max-width: 1600px) 100vw, 1600px\" \/>\t\t\t\t\t\t\t\t\t\t\t\t\t\t\t<\/div>\n\t\t\t\t<\/div>\n\t\t\t\t\t<\/div>\n\t\t<\/div>\n\t\t\t\t\t<\/div>\n\t\t<\/section>\n\t\t\t\t<section class=\"penci-section penci-disSticky penci-structure-10 elementor-section elementor-top-section elementor-element elementor-element-7bc751c4 elementor-section-boxed elementor-section-height-default elementor-section-height-default\" data-id=\"7bc751c4\" data-element_type=\"section\" data-e-type=\"section\">\n\t\t\t\t\t\t<div class=\"elementor-container elementor-column-gap-default\">\n\t\t\t\t\t<div class=\"penci-ercol-100 penci-ercol-order-1 penci-sticky-ct  elementor-column elementor-col-100 elementor-top-column elementor-element elementor-element-1fa2c5f2\" data-id=\"1fa2c5f2\" data-element_type=\"column\" data-e-type=\"column\">\n\t\t\t<div class=\"elementor-widget-wrap elementor-element-populated\">\n\t\t\t\t\t\t<div class=\"elementor-element elementor-element-735dfb0c elementor-widget elementor-widget-text-editor\" data-id=\"735dfb0c\" data-element_type=\"widget\" data-e-type=\"widget\" data-widget_type=\"text-editor.default\">\n\t\t\t\t<div class=\"elementor-widget-container\">\n\t\t\t\t\t\t\t\t\t<p data-start=\"265\" data-end=\"462\">Jestem <strong data-start=\"272\" data-end=\"370\">do\u015bwiadczonym doradc\u0105 logistycznym i ekspertem ds. transportu materia\u0142\u00f3w niebezpiecznych (ADR)<\/strong>, posiadam <strong data-start=\"381\" data-end=\"418\">Certyfikat Kompetencji Zawodowych<\/strong> oraz status <strong data-start=\"431\" data-end=\"459\">aktywnego agenta celnego<\/strong>.<\/p><p data-start=\"464\" data-end=\"614\">\u0141\u0105cz\u0119 do\u015bwiadczenie <strong data-start=\"484\" data-end=\"517\">dyrektora zakup\u00f3w i logistyki<\/strong> z rol\u0105 <strong data-start=\"525\" data-end=\"545\">wolnego strzelca<\/strong>, wspieraj\u0105c firmy ad hoc w doradztwie i szkoleniach logistycznych.<\/p><p>Specjalizuj\u0119 si\u0119 w:\u00a0<\/p><p>Zarz\u0105dzaniu ryzykiem w transporcie materia\u0142\u00f3w niebezpiecznych (ADR).\u00a0Optymalizacji proces\u00f3w importu i eksportu z kraj\u00f3w trzecich (szczeg\u00f3lnie z Chin).\u00a0Wdra\u017caniu procedur celnych i logistycznych dla M\u015aP.\u00a0Szkoleniach i audytach dla firm, kt\u00f3re nie chc\u0105 utrzymywa\u0107 pe\u0142noetatowych ekspert\u00f3w.\u00a0<\/p><h4>Dlaczego warto ze mn\u0105 wsp\u00f3\u0142pracowa\u0107<\/h4><ul data-start=\"981\" data-end=\"1455\"><li data-section-id=\"1trh6ta\" data-start=\"981\" data-end=\"1069\"><p data-start=\"983\" data-end=\"1069\"><strong data-start=\"983\" data-end=\"1029\">Bezpiecze\u0144stwo i zgodno\u015b\u0107 z przepisami ADR<\/strong> \u2013 minimalizacja ryzyka kar i wypadk\u00f3w<\/p><\/li><li data-section-id=\"1e0pxge\" data-start=\"1070\" data-end=\"1165\"><p data-start=\"1072\" data-end=\"1165\"><strong data-start=\"1072\" data-end=\"1114\">Przewidywalno\u015b\u0107 proces\u00f3w logistycznych<\/strong> \u2013 lepsze planowanie dostaw i unikni\u0119cie op\u00f3\u017anie\u0144<\/p><\/li><li data-section-id=\"15oeirv\" data-start=\"1166\" data-end=\"1260\"><p data-start=\"1168\" data-end=\"1260\"><strong data-start=\"1168\" data-end=\"1199\">Oszcz\u0119dno\u015b\u0107 czasu i koszt\u00f3w<\/strong> \u2013 doradzam, jak efektywnie importowa\u0107 i eksportowa\u0107 towary<\/p><\/li><li data-section-id=\"1ei11rm\" data-start=\"1261\" data-end=\"1343\"><p data-start=\"1263\" data-end=\"1343\"><strong data-start=\"1263\" data-end=\"1293\">Elastyczne wsparcie ad hoc<\/strong> \u2013 pomoc dok\u0142adnie wtedy, kiedy jej potrzebujesz<\/p><\/li><li data-section-id=\"59dm0f\" data-start=\"1344\" data-end=\"1455\"><p data-start=\"1346\" data-end=\"1455\"><strong data-start=\"1346\" data-end=\"1394\">Dost\u0119p do know-how w M\u015aP i du\u017cych projektach<\/strong> \u2013 od codziennej logistyki po strategiczne decyzje zakupowe<\/p><\/li><\/ul><p>Skontaktuj si\u0119 ze mn\u0105. Wsp\u00f3lnie spr\u00f3bujemy znale\u017a\u0107 rozwi\u0105zanie -&gt; <strong>kontakt@pracownialogistyka.pl<\/strong>\u00a0<\/p>\t\t\t\t\t\t\t\t<\/div>\n\t\t\t\t<\/div>\n\t\t\t\t\t<\/div>\n\t\t<\/div>\n\t\t\t\t\t<\/div>\n\t\t<\/section>\n\t\t\t\t<\/div>\n\t\t","protected":false},"excerpt":{"rendered":"<p>Jestem do\u015bwiadczonym doradc\u0105 logistycznym i ekspertem ds. transportu materia\u0142\u00f3w niebezpiecznych (ADR), posiadam Certyfikat Kompetencji Zawodowych oraz status aktywnego agenta celnego. \u0141\u0105cz\u0119 do\u015bwiadczenie dyrektora zakup\u00f3w i logistyki z rol\u0105 wolnego strzelca,&hellip;<\/p>\n","protected":false},"author":1,"featured_media":0,"parent":0,"menu_order":0,"comment_status":"closed","ping_status":"closed","template":"","meta":{"footnotes":""},"class_list":["post-1998","page","type-page","status-publish","hentry"],"yoast_head":"<!-- This site is optimized with the Yoast SEO plugin v27.1.1 - https:\/\/yoast.com\/product\/yoast-seo-wordpress\/ -->\n<title>Doradca ADR i logistyki - Pracownia Logistyka<\/title>\n<meta name=\"description\" content=\"Doradztwo ADR, import z Chin i transport mi\u0119dzynarodowy. Szkolenia i konsultacje dla firm, kt\u00f3re chc\u0105 unikn\u0105\u0107 b\u0142\u0119d\u00f3w i kosztownych op\u00f3\u017anie\u0144.\" \/>\n<meta name=\"robots\" content=\"index, follow, max-snippet:-1, max-image-preview:large, max-video-preview:-1\" \/>\n<link rel=\"canonical\" href=\"https:\/\/www.pracownialogistyka.pl\/\" \/>\n<meta property=\"og:locale\" content=\"pl_PL\" \/>\n<meta property=\"og:type\" content=\"article\" \/>\n<meta property=\"og:title\" content=\"Doradca ADR i logistyki - Pracownia Logistyka\" \/>\n<meta property=\"og:description\" content=\"Doradztwo ADR, import z Chin i transport mi\u0119dzynarodowy. Szkolenia i konsultacje dla firm, kt\u00f3re chc\u0105 unikn\u0105\u0107 b\u0142\u0119d\u00f3w i kosztownych op\u00f3\u017anie\u0144.\" \/>\n<meta property=\"og:url\" content=\"https:\/\/www.pracownialogistyka.pl\/\" \/>\n<meta property=\"og:site_name\" content=\"Pracownia Logistyka\" \/>\n<meta property=\"article:modified_time\" content=\"2026-03-12T10:49:11+00:00\" \/>\n<meta property=\"og:image\" content=\"https:\/\/www.pracownialogistyka.pl\/wp-content\/uploads\/2020\/05\/cropped-city-3213676_1280.jpg\" \/>\n<meta name=\"twitter:card\" content=\"summary_large_image\" \/>\n<meta name=\"twitter:label1\" content=\"Szacowany czas czytania\" \/>\n\t<meta name=\"twitter:data1\" content=\"2 minuty\" \/>\n<script type=\"application\/ld+json\" class=\"yoast-schema-graph\">{\"@context\":\"https:\/\/schema.org\",\"@graph\":[{\"@type\":\"WebPage\",\"@id\":\"https:\/\/www.pracownialogistyka.pl\/\",\"url\":\"https:\/\/www.pracownialogistyka.pl\/\",\"name\":\"Doradca ADR i logistyki - Pracownia Logistyka\",\"isPartOf\":{\"@id\":\"https:\/\/www.pracownialogistyka.pl\/#website\"},\"primaryImageOfPage\":{\"@id\":\"https:\/\/www.pracownialogistyka.pl\/#primaryimage\"},\"image\":{\"@id\":\"https:\/\/www.pracownialogistyka.pl\/#primaryimage\"},\"thumbnailUrl\":\"https:\/\/www.pracownialogistyka.pl\/wp-content\/uploads\/2020\/05\/cropped-city-3213676_1280.jpg\",\"datePublished\":\"2026-03-10T17:17:44+00:00\",\"dateModified\":\"2026-03-12T10:49:11+00:00\",\"description\":\"Doradztwo ADR, import z Chin i transport mi\u0119dzynarodowy. Szkolenia i konsultacje dla firm, kt\u00f3re chc\u0105 unikn\u0105\u0107 b\u0142\u0119d\u00f3w i kosztownych op\u00f3\u017anie\u0144.\",\"breadcrumb\":{\"@id\":\"https:\/\/www.pracownialogistyka.pl\/#breadcrumb\"},\"inLanguage\":\"pl-PL\",\"potentialAction\":[{\"@type\":\"ReadAction\",\"target\":[\"https:\/\/www.pracownialogistyka.pl\/\"]}]},{\"@type\":\"ImageObject\",\"inLanguage\":\"pl-PL\",\"@id\":\"https:\/\/www.pracownialogistyka.pl\/#primaryimage\",\"url\":\"https:\/\/www.pracownialogistyka.pl\/wp-content\/uploads\/2020\/05\/cropped-city-3213676_1280.jpg\",\"contentUrl\":\"https:\/\/www.pracownialogistyka.pl\/wp-content\/uploads\/2020\/05\/cropped-city-3213676_1280.jpg\",\"width\":1600,\"height\":265},{\"@type\":\"BreadcrumbList\",\"@id\":\"https:\/\/www.pracownialogistyka.pl\/#breadcrumb\",\"itemListElement\":[{\"@type\":\"ListItem\",\"position\":1,\"name\":\"Strona g\u0142\u00f3wna\",\"item\":\"https:\/\/www.pracownialogistyka.pl\/\"},{\"@type\":\"ListItem\",\"position\":2,\"name\":\"O mnie\"}]},{\"@type\":\"WebSite\",\"@id\":\"https:\/\/www.pracownialogistyka.pl\/#website\",\"url\":\"https:\/\/www.pracownialogistyka.pl\/\",\"name\":\"Pracownia Logistyka\",\"description\":\"Doradca ADR | Agent Celny | Logistyka mi\u0119dzynarodowa i import z Azji | Pomagam firmom M\u015aP uporz\u0105dkowa\u0107 procesy transportowe\",\"publisher\":{\"@id\":\"https:\/\/www.pracownialogistyka.pl\/#organization\"},\"potentialAction\":[{\"@type\":\"SearchAction\",\"target\":{\"@type\":\"EntryPoint\",\"urlTemplate\":\"https:\/\/www.pracownialogistyka.pl\/?s={search_term_string}\"},\"query-input\":{\"@type\":\"PropertyValueSpecification\",\"valueRequired\":true,\"valueName\":\"search_term_string\"}}],\"inLanguage\":\"pl-PL\"},{\"@type\":\"Organization\",\"@id\":\"https:\/\/www.pracownialogistyka.pl\/#organization\",\"name\":\"Pracownia Logistyka\",\"url\":\"https:\/\/www.pracownialogistyka.pl\/\",\"logo\":{\"@type\":\"ImageObject\",\"inLanguage\":\"pl-PL\",\"@id\":\"https:\/\/www.pracownialogistyka.pl\/#\/schema\/logo\/image\/\",\"url\":\"https:\/\/www.pracownialogistyka.pl\/wp-content\/uploads\/2020\/07\/PL-logo-150dpi.jpg\",\"contentUrl\":\"https:\/\/www.pracownialogistyka.pl\/wp-content\/uploads\/2020\/07\/PL-logo-150dpi.jpg\",\"width\":742,\"height\":258,\"caption\":\"Pracownia Logistyka\"},\"image\":{\"@id\":\"https:\/\/www.pracownialogistyka.pl\/#\/schema\/logo\/image\/\"}}]}<\/script>\n<!-- \/ Yoast SEO plugin. -->","yoast_head_json":{"title":"Doradca ADR i logistyki - Pracownia Logistyka","description":"Doradztwo ADR, import z Chin i transport mi\u0119dzynarodowy. Szkolenia i konsultacje dla firm, kt\u00f3re chc\u0105 unikn\u0105\u0107 b\u0142\u0119d\u00f3w i kosztownych op\u00f3\u017anie\u0144.","robots":{"index":"index","follow":"follow","max-snippet":"max-snippet:-1","max-image-preview":"max-image-preview:large","max-video-preview":"max-video-preview:-1"},"canonical":"https:\/\/www.pracownialogistyka.pl\/","og_locale":"pl_PL","og_type":"article","og_title":"Doradca ADR i logistyki - Pracownia Logistyka","og_description":"Doradztwo ADR, import z Chin i transport mi\u0119dzynarodowy. Szkolenia i konsultacje dla firm, kt\u00f3re chc\u0105 unikn\u0105\u0107 b\u0142\u0119d\u00f3w i kosztownych op\u00f3\u017anie\u0144.","og_url":"https:\/\/www.pracownialogistyka.pl\/","og_site_name":"Pracownia Logistyka","article_modified_time":"2026-03-12T10:49:11+00:00","og_image":[{"url":"https:\/\/www.pracownialogistyka.pl\/wp-content\/uploads\/2020\/05\/cropped-city-3213676_1280.jpg","type":"","width":"","height":""}],"twitter_card":"summary_large_image","twitter_misc":{"Szacowany czas czytania":"2 minuty"},"schema":{"@context":"https:\/\/schema.org","@graph":[{"@type":"WebPage","@id":"https:\/\/www.pracownialogistyka.pl\/","url":"https:\/\/www.pracownialogistyka.pl\/","name":"Doradca ADR i logistyki - Pracownia Logistyka","isPartOf":{"@id":"https:\/\/www.pracownialogistyka.pl\/#website"},"primaryImageOfPage":{"@id":"https:\/\/www.pracownialogistyka.pl\/#primaryimage"},"image":{"@id":"https:\/\/www.pracownialogistyka.pl\/#primaryimage"},"thumbnailUrl":"https:\/\/www.pracownialogistyka.pl\/wp-content\/uploads\/2020\/05\/cropped-city-3213676_1280.jpg","datePublished":"2026-03-10T17:17:44+00:00","dateModified":"2026-03-12T10:49:11+00:00","description":"Doradztwo ADR, import z Chin i transport mi\u0119dzynarodowy. Szkolenia i konsultacje dla firm, kt\u00f3re chc\u0105 unikn\u0105\u0107 b\u0142\u0119d\u00f3w i kosztownych op\u00f3\u017anie\u0144.","breadcrumb":{"@id":"https:\/\/www.pracownialogistyka.pl\/#breadcrumb"},"inLanguage":"pl-PL","potentialAction":[{"@type":"ReadAction","target":["https:\/\/www.pracownialogistyka.pl\/"]}]},{"@type":"ImageObject","inLanguage":"pl-PL","@id":"https:\/\/www.pracownialogistyka.pl\/#primaryimage","url":"https:\/\/www.pracownialogistyka.pl\/wp-content\/uploads\/2020\/05\/cropped-city-3213676_1280.jpg","contentUrl":"https:\/\/www.pracownialogistyka.pl\/wp-content\/uploads\/2020\/05\/cropped-city-3213676_1280.jpg","width":1600,"height":265},{"@type":"BreadcrumbList","@id":"https:\/\/www.pracownialogistyka.pl\/#breadcrumb","itemListElement":[{"@type":"ListItem","position":1,"name":"Strona g\u0142\u00f3wna","item":"https:\/\/www.pracownialogistyka.pl\/"},{"@type":"ListItem","position":2,"name":"O mnie"}]},{"@type":"WebSite","@id":"https:\/\/www.pracownialogistyka.pl\/#website","url":"https:\/\/www.pracownialogistyka.pl\/","name":"Pracownia Logistyka","description":"Doradca ADR | Agent Celny | Logistyka mi\u0119dzynarodowa i import z Azji | Pomagam firmom M\u015aP uporz\u0105dkowa\u0107 procesy transportowe","publisher":{"@id":"https:\/\/www.pracownialogistyka.pl\/#organization"},"potentialAction":[{"@type":"SearchAction","target":{"@type":"EntryPoint","urlTemplate":"https:\/\/www.pracownialogistyka.pl\/?s={search_term_string}"},"query-input":{"@type":"PropertyValueSpecification","valueRequired":true,"valueName":"search_term_string"}}],"inLanguage":"pl-PL"},{"@type":"Organization","@id":"https:\/\/www.pracownialogistyka.pl\/#organization","name":"Pracownia Logistyka","url":"https:\/\/www.pracownialogistyka.pl\/","logo":{"@type":"ImageObject","inLanguage":"pl-PL","@id":"https:\/\/www.pracownialogistyka.pl\/#\/schema\/logo\/image\/","url":"https:\/\/www.pracownialogistyka.pl\/wp-content\/uploads\/2020\/07\/PL-logo-150dpi.jpg","contentUrl":"https:\/\/www.pracownialogistyka.pl\/wp-content\/uploads\/2020\/07\/PL-logo-150dpi.jpg","width":742,"height":258,"caption":"Pracownia Logistyka"},"image":{"@id":"https:\/\/www.pracownialogistyka.pl\/#\/schema\/logo\/image\/"}}]}},"_links":{"self":[{"href":"https:\/\/www.pracownialogistyka.pl\/index.php\/wp-json\/wp\/v2\/pages\/1998","targetHints":{"allow":["GET"]}}],"collection":[{"href":"https:\/\/www.pracownialogistyka.pl\/index.php\/wp-json\/wp\/v2\/pages"}],"about":[{"href":"https:\/\/www.pracownialogistyka.pl\/index.php\/wp-json\/wp\/v2\/types\/page"}],"author":[{"embeddable":true,"href":"https:\/\/www.pracownialogistyka.pl\/index.php\/wp-json\/wp\/v2\/users\/1"}],"replies":[{"embeddable":true,"href":"https:\/\/www.pracownialogistyka.pl\/index.php\/wp-json\/wp\/v2\/comments?post=1998"}],"version-history":[{"count":10,"href":"https:\/\/www.pracownialogistyka.pl\/index.php\/wp-json\/wp\/v2\/pages\/1998\/revisions"}],"predecessor-version":[{"id":2010,"href":"https:\/\/www.pracownialogistyka.pl\/index.php\/wp-json\/wp\/v2\/pages\/1998\/revisions\/2010"}],"wp:attachment":[{"href":"https:\/\/www.pracownialogistyka.pl\/index.php\/wp-json\/wp\/v2\/media?parent=1998"}],"curies":[{"name":"wp","href":"https:\/\/api.w.org\/{rel}","templated":true}]}}