{"id":1973,"date":"2026-03-10T16:16:18","date_gmt":"2026-03-10T16:16:18","guid":{"rendered":"https:\/\/www.pracownialogistyka.pl\/?page_id=1973"},"modified":"2026-03-11T10:07:00","modified_gmt":"2026-03-11T10:07:00","slug":"konsultacja","status":"publish","type":"page","link":"https:\/\/www.pracownialogistyka.pl\/index.php\/konsultacja\/","title":{"rendered":"Konsultacja logistyczna"},"content":{"rendered":"\t\t<div data-elementor-type=\"wp-page\" data-elementor-id=\"1973\" class=\"elementor elementor-1973\" data-elementor-post-type=\"page\">\n\t\t\t\t\t\t<section class=\"penci-section penci-disSticky penci-structure-22 elementor-section elementor-top-section elementor-element elementor-element-3ad9691e elementor-section-boxed elementor-section-height-default elementor-section-height-default\" data-id=\"3ad9691e\" data-element_type=\"section\" data-e-type=\"section\">\n\t\t\t\t\t\t<div class=\"elementor-container elementor-column-gap-default\">\n\t\t\t\t\t<div class=\"penci-ercol-66 penci-ercol-order-1 penci-sticky-ct  elementor-column elementor-col-66 elementor-top-column elementor-element elementor-element-2393d057\" data-id=\"2393d057\" data-element_type=\"column\" data-e-type=\"column\">\n\t\t\t<div class=\"elementor-widget-wrap elementor-element-populated\">\n\t\t\t\t\t\t<div class=\"elementor-element elementor-element-5eba0fb5 elementor-widget elementor-widget-heading\" data-id=\"5eba0fb5\" data-element_type=\"widget\" data-e-type=\"widget\" data-widget_type=\"heading.default\">\n\t\t\t\t<div class=\"elementor-widget-container\">\n\t\t\t\t\t<h1 class=\"elementor-heading-title elementor-size-default\">Konsultacja logistyczna 1:1 (60 minut)<\/h1>\t\t\t\t<\/div>\n\t\t\t\t<\/div>\n\t\t\t\t<div class=\"elementor-element elementor-element-5fb5a626 elementor-widget elementor-widget-text-editor\" data-id=\"5fb5a626\" data-element_type=\"widget\" data-e-type=\"widget\" data-widget_type=\"text-editor.default\">\n\t\t\t\t<div class=\"elementor-widget-container\">\n\t\t\t\t\t\t\t\t\t<p data-start=\"552\" data-end=\"681\"><strong data-start=\"552\" data-end=\"681\">Dla firm, kt\u00f3re potrzebuj\u0105 szybkiej decyzji lub rozwi\u0105zania konkretnego problemu w imporcie, transporcie lub odprawie celnej.<\/strong><\/p><p data-start=\"683\" data-end=\"793\">Podczas konsultacji analizuj\u0119 sytuacj\u0119 operacyjn\u0105 i wskazuj\u0119 konkretne dzia\u0142ania, kt\u00f3re mo\u017cna wdro\u017cy\u0107 od razu.<\/p>\t\t\t\t\t\t\t\t<\/div>\n\t\t\t\t<\/div>\n\t\t\t\t\t<\/div>\n\t\t<\/div>\n\t\t\t\t<div class=\"penci-ercol-33 penci-ercol-order-2 penci-sticky-sb penci-sidebarSC elementor-column elementor-col-33 elementor-top-column elementor-element elementor-element-67a7abac\" data-id=\"67a7abac\" data-element_type=\"column\" data-e-type=\"column\">\n\t\t\t<div class=\"elementor-widget-wrap elementor-element-populated\">\n\t\t\t\t\t\t<div class=\"elementor-element elementor-element-63fdb168 elementor-widget elementor-widget-image\" data-id=\"63fdb168\" data-element_type=\"widget\" data-e-type=\"widget\" data-widget_type=\"image.default\">\n\t\t\t\t<div class=\"elementor-widget-container\">\n\t\t\t\t\t\t\t\t\t\t\t\t\t\t\t<img fetchpriority=\"high\" decoding=\"async\" width=\"640\" height=\"457\" src=\"https:\/\/www.pracownialogistyka.pl\/wp-content\/uploads\/2022\/09\/meeting-1019875_640.jpg\" class=\"attachment-large size-large wp-image-1270\" alt=\"\" srcset=\"https:\/\/www.pracownialogistyka.pl\/wp-content\/uploads\/2022\/09\/meeting-1019875_640.jpg 640w, https:\/\/www.pracownialogistyka.pl\/wp-content\/uploads\/2022\/09\/meeting-1019875_640-300x214.jpg 300w, https:\/\/www.pracownialogistyka.pl\/wp-content\/uploads\/2022\/09\/meeting-1019875_640-585x418.jpg 585w\" sizes=\"(max-width: 640px) 100vw, 640px\" \/>\t\t\t\t\t\t\t\t\t\t\t\t\t\t\t<\/div>\n\t\t\t\t<\/div>\n\t\t\t\t\t<\/div>\n\t\t<\/div>\n\t\t\t\t\t<\/div>\n\t\t<\/section>\n\t\t\t\t<section class=\"penci-section penci-disSticky penci-structure-20 elementor-section elementor-top-section elementor-element elementor-element-21634e10 elementor-section-boxed elementor-section-height-default elementor-section-height-default\" data-id=\"21634e10\" data-element_type=\"section\" data-e-type=\"section\">\n\t\t\t\t\t\t<div class=\"elementor-container elementor-column-gap-default\">\n\t\t\t\t\t<div class=\"penci-ercol-50 penci-ercol-order-1 penci-sticky-ct  elementor-column elementor-col-50 elementor-top-column elementor-element elementor-element-2dd6b0a9\" data-id=\"2dd6b0a9\" data-element_type=\"column\" data-e-type=\"column\">\n\t\t\t<div class=\"elementor-widget-wrap elementor-element-populated\">\n\t\t\t\t\t\t<div class=\"elementor-element elementor-element-522a943a elementor-widget elementor-widget-text-editor\" data-id=\"522a943a\" data-element_type=\"widget\" data-e-type=\"widget\" data-widget_type=\"text-editor.default\">\n\t\t\t\t<div class=\"elementor-widget-container\">\n\t\t\t\t\t\t\t\t\t<p data-start=\"795\" data-end=\"826\"><u>Najcz\u0119stsze tematy konsultacji:<\/u><\/p>\n<ul data-start=\"828\" data-end=\"1136\">\n<li data-section-id=\"n2bvji\" data-start=\"828\" data-end=\"878\">\n<p data-start=\"830\" data-end=\"878\">problemy z dokumentacj\u0105 transportow\u0105 lub celn\u0105<\/p>\n<\/li>\n<li data-section-id=\"159ftas\" data-start=\"879\" data-end=\"933\">\n<p data-start=\"881\" data-end=\"933\">op\u00f3\u017anienia w transporcie i sposoby ich rozwi\u0105zania<\/p>\n<\/li>\n<li data-section-id=\"9ykjko\" data-start=\"934\" data-end=\"1001\">\n<p data-start=\"936\" data-end=\"1001\">wyb\u00f3r w\u0142a\u015bciwego \u015brodka transportu (morski \/ lotniczy \/ l\u0105dowy)<\/p>\n<\/li>\n<li data-section-id=\"ahuo5n\" data-start=\"1002\" data-end=\"1041\">\n<p data-start=\"1004\" data-end=\"1041\">optymalizacja koszt\u00f3w logistycznych<\/p>\n<\/li>\n<li data-section-id=\"8yqlei\" data-start=\"1042\" data-end=\"1097\">\n<p data-start=\"1044\" data-end=\"1097\">wsparcie przy rozpocz\u0119ciu importu z kraj\u00f3w trzecich<\/p>\n<\/li>\n<li data-section-id=\"3vv8jf\" data-start=\"1098\" data-end=\"1136\">\n<p data-start=\"1100\" data-end=\"1136\">analiza ryzyka w bie\u017c\u0105cych dostawach<\/p>\n<\/li>\n<\/ul>\t\t\t\t\t\t\t\t<\/div>\n\t\t\t\t<\/div>\n\t\t\t\t\t<\/div>\n\t\t<\/div>\n\t\t\t\t<div class=\"penci-ercol-50 penci-ercol-order-2 penci-sticky-ct  elementor-column elementor-col-50 elementor-top-column elementor-element elementor-element-10e46de8\" data-id=\"10e46de8\" data-element_type=\"column\" data-e-type=\"column\">\n\t\t\t<div class=\"elementor-widget-wrap elementor-element-populated\">\n\t\t\t\t\t\t<div class=\"elementor-element elementor-element-6dc3f27e elementor-widget elementor-widget-heading\" data-id=\"6dc3f27e\" data-element_type=\"widget\" data-e-type=\"widget\" data-widget_type=\"heading.default\">\n\t\t\t\t<div class=\"elementor-widget-container\">\n\t\t\t\t\t<h2 class=\"elementor-heading-title elementor-size-default\">Co otrzymujesz:<\/h2>\t\t\t\t<\/div>\n\t\t\t\t<\/div>\n\t\t\t\t<div class=\"elementor-element elementor-element-4313a265 elementor-icon-list--layout-traditional elementor-list-item-link-full_width elementor-widget elementor-widget-icon-list\" data-id=\"4313a265\" data-element_type=\"widget\" data-e-type=\"widget\" data-widget_type=\"icon-list.default\">\n\t\t\t\t<div class=\"elementor-widget-container\">\n\t\t\t\t\t\t\t<ul class=\"elementor-icon-list-items\">\n\t\t\t\t\t\t\t<li class=\"elementor-icon-list-item\">\n\t\t\t\t\t\t\t\t\t\t\t<span class=\"elementor-icon-list-icon\">\n\t\t\t\t\t\t\t<i aria-hidden=\"true\" class=\"fas fa-arrow-right\"><\/i>\t\t\t\t\t\t<\/span>\n\t\t\t\t\t\t\t\t\t\t<span class=\"elementor-icon-list-text\">analiz\u0119 problemu<\/span>\n\t\t\t\t\t\t\t\t\t<\/li>\n\t\t\t\t\t\t\t\t<li class=\"elementor-icon-list-item\">\n\t\t\t\t\t\t\t\t\t\t\t<span class=\"elementor-icon-list-icon\">\n\t\t\t\t\t\t\t<i aria-hidden=\"true\" class=\"fas fa-arrow-right\"><\/i>\t\t\t\t\t\t<\/span>\n\t\t\t\t\t\t\t\t\t\t<span class=\"elementor-icon-list-text\">rekomendacje dzia\u0142a\u0144<\/span>\n\t\t\t\t\t\t\t\t\t<\/li>\n\t\t\t\t\t\t\t\t<li class=\"elementor-icon-list-item\">\n\t\t\t\t\t\t\t\t\t\t\t<span class=\"elementor-icon-list-icon\">\n\t\t\t\t\t\t\t<i aria-hidden=\"true\" class=\"fas fa-arrow-right\"><\/i>\t\t\t\t\t\t<\/span>\n\t\t\t\t\t\t\t\t\t\t<span class=\"elementor-icon-list-text\">list\u0119 krok\u00f3w do wdro\u017cenia<\/span>\n\t\t\t\t\t\t\t\t\t<\/li>\n\t\t\t\t\t\t\t\t<li class=\"elementor-icon-list-item\">\n\t\t\t\t\t\t\t\t\t\t\t<span class=\"elementor-icon-list-icon\">\n\t\t\t\t\t\t\t<i aria-hidden=\"true\" class=\"fas fa-arrow-right\"><\/i>\t\t\t\t\t\t<\/span>\n\t\t\t\t\t\t\t\t\t\t<span class=\"elementor-icon-list-text\">kr\u00f3tkie podsumowanie po spotkaniu<\/span>\n\t\t\t\t\t\t\t\t\t<\/li>\n\t\t\t\t\t\t<\/ul>\n\t\t\t\t\t\t<\/div>\n\t\t\t\t<\/div>\n\t\t\t\t<div class=\"elementor-element elementor-element-1933b6c9 elementor-widget elementor-widget-heading\" data-id=\"1933b6c9\" data-element_type=\"widget\" data-e-type=\"widget\" data-widget_type=\"heading.default\">\n\t\t\t\t<div class=\"elementor-widget-container\">\n\t\t\t\t\t<h6 class=\"elementor-heading-title elementor-size-default\"><p data-start=\"1272\" data-end=\"1294\"><strong data-start=\"1272\" data-end=\"1294\">Cena: 300 \u2013 450 z\u0142<\/strong><\/p><span style=\"font-family: Roboto, sans-serif;font-size: 15px;font-weight: 400\">Cennik ma charakter informacyjny i nie stanowi oferty w rozumieniu&nbsp;<\/span><strong data-start=\"1381\" data-end=\"1413\" style=\"font-family: Roboto, sans-serif;font-size: 15px\">art. 66 \u00a71 Kodeksu cywilnego<\/strong><span style=\"font-family: Roboto, sans-serif;font-size: 15px;font-weight: 400\">. Podane ceny s\u0105 orientacyjne i mog\u0105 ulec zmianie w zale\u017cno\u015bci od zakresu us\u0142ugi oraz specyfiki dzia\u0142alno\u015bci przedsi\u0119biorstwa. Podane ceny s\u0105 cenami netto.<\/span><\/h6>\t\t\t\t<\/div>\n\t\t\t\t<\/div>\n\t\t\t\t\t<\/div>\n\t\t<\/div>\n\t\t\t\t\t<\/div>\n\t\t<\/section>\n\t\t\t\t<\/div>\n\t\t","protected":false},"excerpt":{"rendered":"<p>Konsultacja logistyczna 1:1 (60 minut) Dla firm, kt\u00f3re potrzebuj\u0105 szybkiej decyzji lub rozwi\u0105zania konkretnego problemu w imporcie, transporcie lub odprawie celnej. Podczas konsultacji analizuj\u0119 sytuacj\u0119 operacyjn\u0105 i wskazuj\u0119 konkretne dzia\u0142ania,&hellip;<\/p>\n","protected":false},"author":1,"featured_media":0,"parent":0,"menu_order":0,"comment_status":"closed","ping_status":"closed","template":"","meta":{"footnotes":""},"class_list":["post-1973","page","type-page","status-publish","hentry"],"yoast_head":"<!-- This site is optimized with the Yoast SEO plugin v27.1.1 - https:\/\/yoast.com\/product\/yoast-seo-wordpress\/ -->\n<title>Konsultacja logistyczna - Pracownia Logistyka<\/title>\n<meta name=\"robots\" content=\"index, follow, max-snippet:-1, max-image-preview:large, max-video-preview:-1\" \/>\n<link rel=\"canonical\" href=\"https:\/\/www.pracownialogistyka.pl\/index.php\/konsultacja\/\" \/>\n<meta property=\"og:locale\" content=\"pl_PL\" \/>\n<meta property=\"og:type\" content=\"article\" \/>\n<meta property=\"og:title\" content=\"Konsultacja logistyczna - Pracownia Logistyka\" \/>\n<meta property=\"og:description\" content=\"Konsultacja logistyczna 1:1 (60 minut) Dla firm, kt\u00f3re potrzebuj\u0105 szybkiej decyzji lub rozwi\u0105zania konkretnego problemu w imporcie, transporcie lub odprawie celnej. Podczas konsultacji analizuj\u0119 sytuacj\u0119 operacyjn\u0105 i wskazuj\u0119 konkretne dzia\u0142ania,&hellip;\" \/>\n<meta property=\"og:url\" content=\"https:\/\/www.pracownialogistyka.pl\/index.php\/konsultacja\/\" \/>\n<meta property=\"og:site_name\" content=\"Pracownia Logistyka\" \/>\n<meta property=\"article:modified_time\" content=\"2026-03-11T10:07:00+00:00\" \/>\n<meta property=\"og:image\" content=\"https:\/\/www.pracownialogistyka.pl\/wp-content\/uploads\/2022\/09\/meeting-1019875_640.jpg\" \/>\n\t<meta property=\"og:image:width\" content=\"640\" \/>\n\t<meta property=\"og:image:height\" content=\"457\" \/>\n\t<meta property=\"og:image:type\" content=\"image\/jpeg\" \/>\n<meta name=\"twitter:card\" content=\"summary_large_image\" \/>\n<meta name=\"twitter:label1\" content=\"Szacowany czas czytania\" \/>\n\t<meta name=\"twitter:data1\" content=\"1 minuta\" \/>\n<script type=\"application\/ld+json\" class=\"yoast-schema-graph\">{\"@context\":\"https:\/\/schema.org\",\"@graph\":[{\"@type\":\"WebPage\",\"@id\":\"https:\/\/www.pracownialogistyka.pl\/index.php\/konsultacja\/\",\"url\":\"https:\/\/www.pracownialogistyka.pl\/index.php\/konsultacja\/\",\"name\":\"Konsultacja logistyczna - Pracownia Logistyka\",\"isPartOf\":{\"@id\":\"https:\/\/www.pracownialogistyka.pl\/#website\"},\"primaryImageOfPage\":{\"@id\":\"https:\/\/www.pracownialogistyka.pl\/index.php\/konsultacja\/#primaryimage\"},\"image\":{\"@id\":\"https:\/\/www.pracownialogistyka.pl\/index.php\/konsultacja\/#primaryimage\"},\"thumbnailUrl\":\"https:\/\/www.pracownialogistyka.pl\/wp-content\/uploads\/2022\/09\/meeting-1019875_640.jpg\",\"datePublished\":\"2026-03-10T16:16:18+00:00\",\"dateModified\":\"2026-03-11T10:07:00+00:00\",\"breadcrumb\":{\"@id\":\"https:\/\/www.pracownialogistyka.pl\/index.php\/konsultacja\/#breadcrumb\"},\"inLanguage\":\"pl-PL\",\"potentialAction\":[{\"@type\":\"ReadAction\",\"target\":[\"https:\/\/www.pracownialogistyka.pl\/index.php\/konsultacja\/\"]}]},{\"@type\":\"ImageObject\",\"inLanguage\":\"pl-PL\",\"@id\":\"https:\/\/www.pracownialogistyka.pl\/index.php\/konsultacja\/#primaryimage\",\"url\":\"https:\/\/www.pracownialogistyka.pl\/wp-content\/uploads\/2022\/09\/meeting-1019875_640.jpg\",\"contentUrl\":\"https:\/\/www.pracownialogistyka.pl\/wp-content\/uploads\/2022\/09\/meeting-1019875_640.jpg\",\"width\":640,\"height\":457},{\"@type\":\"BreadcrumbList\",\"@id\":\"https:\/\/www.pracownialogistyka.pl\/index.php\/konsultacja\/#breadcrumb\",\"itemListElement\":[{\"@type\":\"ListItem\",\"position\":1,\"name\":\"Strona g\u0142\u00f3wna\",\"item\":\"https:\/\/www.pracownialogistyka.pl\/\"},{\"@type\":\"ListItem\",\"position\":2,\"name\":\"Konsultacja logistyczna\"}]},{\"@type\":\"WebSite\",\"@id\":\"https:\/\/www.pracownialogistyka.pl\/#website\",\"url\":\"https:\/\/www.pracownialogistyka.pl\/\",\"name\":\"Pracownia Logistyka\",\"description\":\"Doradca ADR | Agent Celny | Logistyka mi\u0119dzynarodowa i import z Azji | Pomagam firmom M\u015aP uporz\u0105dkowa\u0107 procesy transportowe\",\"publisher\":{\"@id\":\"https:\/\/www.pracownialogistyka.pl\/#organization\"},\"potentialAction\":[{\"@type\":\"SearchAction\",\"target\":{\"@type\":\"EntryPoint\",\"urlTemplate\":\"https:\/\/www.pracownialogistyka.pl\/?s={search_term_string}\"},\"query-input\":{\"@type\":\"PropertyValueSpecification\",\"valueRequired\":true,\"valueName\":\"search_term_string\"}}],\"inLanguage\":\"pl-PL\"},{\"@type\":\"Organization\",\"@id\":\"https:\/\/www.pracownialogistyka.pl\/#organization\",\"name\":\"Pracownia Logistyka\",\"url\":\"https:\/\/www.pracownialogistyka.pl\/\",\"logo\":{\"@type\":\"ImageObject\",\"inLanguage\":\"pl-PL\",\"@id\":\"https:\/\/www.pracownialogistyka.pl\/#\/schema\/logo\/image\/\",\"url\":\"https:\/\/www.pracownialogistyka.pl\/wp-content\/uploads\/2020\/07\/PL-logo-150dpi.jpg\",\"contentUrl\":\"https:\/\/www.pracownialogistyka.pl\/wp-content\/uploads\/2020\/07\/PL-logo-150dpi.jpg\",\"width\":742,\"height\":258,\"caption\":\"Pracownia Logistyka\"},\"image\":{\"@id\":\"https:\/\/www.pracownialogistyka.pl\/#\/schema\/logo\/image\/\"}}]}<\/script>\n<!-- \/ Yoast SEO plugin. -->","yoast_head_json":{"title":"Konsultacja logistyczna - Pracownia Logistyka","robots":{"index":"index","follow":"follow","max-snippet":"max-snippet:-1","max-image-preview":"max-image-preview:large","max-video-preview":"max-video-preview:-1"},"canonical":"https:\/\/www.pracownialogistyka.pl\/index.php\/konsultacja\/","og_locale":"pl_PL","og_type":"article","og_title":"Konsultacja logistyczna - Pracownia Logistyka","og_description":"Konsultacja logistyczna 1:1 (60 minut) Dla firm, kt\u00f3re potrzebuj\u0105 szybkiej decyzji lub rozwi\u0105zania konkretnego problemu w imporcie, transporcie lub odprawie celnej. Podczas konsultacji analizuj\u0119 sytuacj\u0119 operacyjn\u0105 i wskazuj\u0119 konkretne dzia\u0142ania,&hellip;","og_url":"https:\/\/www.pracownialogistyka.pl\/index.php\/konsultacja\/","og_site_name":"Pracownia Logistyka","article_modified_time":"2026-03-11T10:07:00+00:00","og_image":[{"width":640,"height":457,"url":"https:\/\/www.pracownialogistyka.pl\/wp-content\/uploads\/2022\/09\/meeting-1019875_640.jpg","type":"image\/jpeg"}],"twitter_card":"summary_large_image","twitter_misc":{"Szacowany czas czytania":"1 minuta"},"schema":{"@context":"https:\/\/schema.org","@graph":[{"@type":"WebPage","@id":"https:\/\/www.pracownialogistyka.pl\/index.php\/konsultacja\/","url":"https:\/\/www.pracownialogistyka.pl\/index.php\/konsultacja\/","name":"Konsultacja logistyczna - Pracownia Logistyka","isPartOf":{"@id":"https:\/\/www.pracownialogistyka.pl\/#website"},"primaryImageOfPage":{"@id":"https:\/\/www.pracownialogistyka.pl\/index.php\/konsultacja\/#primaryimage"},"image":{"@id":"https:\/\/www.pracownialogistyka.pl\/index.php\/konsultacja\/#primaryimage"},"thumbnailUrl":"https:\/\/www.pracownialogistyka.pl\/wp-content\/uploads\/2022\/09\/meeting-1019875_640.jpg","datePublished":"2026-03-10T16:16:18+00:00","dateModified":"2026-03-11T10:07:00+00:00","breadcrumb":{"@id":"https:\/\/www.pracownialogistyka.pl\/index.php\/konsultacja\/#breadcrumb"},"inLanguage":"pl-PL","potentialAction":[{"@type":"ReadAction","target":["https:\/\/www.pracownialogistyka.pl\/index.php\/konsultacja\/"]}]},{"@type":"ImageObject","inLanguage":"pl-PL","@id":"https:\/\/www.pracownialogistyka.pl\/index.php\/konsultacja\/#primaryimage","url":"https:\/\/www.pracownialogistyka.pl\/wp-content\/uploads\/2022\/09\/meeting-1019875_640.jpg","contentUrl":"https:\/\/www.pracownialogistyka.pl\/wp-content\/uploads\/2022\/09\/meeting-1019875_640.jpg","width":640,"height":457},{"@type":"BreadcrumbList","@id":"https:\/\/www.pracownialogistyka.pl\/index.php\/konsultacja\/#breadcrumb","itemListElement":[{"@type":"ListItem","position":1,"name":"Strona g\u0142\u00f3wna","item":"https:\/\/www.pracownialogistyka.pl\/"},{"@type":"ListItem","position":2,"name":"Konsultacja logistyczna"}]},{"@type":"WebSite","@id":"https:\/\/www.pracownialogistyka.pl\/#website","url":"https:\/\/www.pracownialogistyka.pl\/","name":"Pracownia Logistyka","description":"Doradca ADR | Agent Celny | Logistyka mi\u0119dzynarodowa i import z Azji | Pomagam firmom M\u015aP uporz\u0105dkowa\u0107 procesy transportowe","publisher":{"@id":"https:\/\/www.pracownialogistyka.pl\/#organization"},"potentialAction":[{"@type":"SearchAction","target":{"@type":"EntryPoint","urlTemplate":"https:\/\/www.pracownialogistyka.pl\/?s={search_term_string}"},"query-input":{"@type":"PropertyValueSpecification","valueRequired":true,"valueName":"search_term_string"}}],"inLanguage":"pl-PL"},{"@type":"Organization","@id":"https:\/\/www.pracownialogistyka.pl\/#organization","name":"Pracownia Logistyka","url":"https:\/\/www.pracownialogistyka.pl\/","logo":{"@type":"ImageObject","inLanguage":"pl-PL","@id":"https:\/\/www.pracownialogistyka.pl\/#\/schema\/logo\/image\/","url":"https:\/\/www.pracownialogistyka.pl\/wp-content\/uploads\/2020\/07\/PL-logo-150dpi.jpg","contentUrl":"https:\/\/www.pracownialogistyka.pl\/wp-content\/uploads\/2020\/07\/PL-logo-150dpi.jpg","width":742,"height":258,"caption":"Pracownia Logistyka"},"image":{"@id":"https:\/\/www.pracownialogistyka.pl\/#\/schema\/logo\/image\/"}}]}},"_links":{"self":[{"href":"https:\/\/www.pracownialogistyka.pl\/index.php\/wp-json\/wp\/v2\/pages\/1973","targetHints":{"allow":["GET"]}}],"collection":[{"href":"https:\/\/www.pracownialogistyka.pl\/index.php\/wp-json\/wp\/v2\/pages"}],"about":[{"href":"https:\/\/www.pracownialogistyka.pl\/index.php\/wp-json\/wp\/v2\/types\/page"}],"author":[{"embeddable":true,"href":"https:\/\/www.pracownialogistyka.pl\/index.php\/wp-json\/wp\/v2\/users\/1"}],"replies":[{"embeddable":true,"href":"https:\/\/www.pracownialogistyka.pl\/index.php\/wp-json\/wp\/v2\/comments?post=1973"}],"version-history":[{"count":4,"href":"https:\/\/www.pracownialogistyka.pl\/index.php\/wp-json\/wp\/v2\/pages\/1973\/revisions"}],"predecessor-version":[{"id":1977,"href":"https:\/\/www.pracownialogistyka.pl\/index.php\/wp-json\/wp\/v2\/pages\/1973\/revisions\/1977"}],"wp:attachment":[{"href":"https:\/\/www.pracownialogistyka.pl\/index.php\/wp-json\/wp\/v2\/media?parent=1973"}],"curies":[{"name":"wp","href":"https:\/\/api.w.org\/{rel}","templated":true}]}}