{"id":1941,"date":"2026-03-10T15:53:49","date_gmt":"2026-03-10T15:53:49","guid":{"rendered":"https:\/\/www.pracownialogistyka.pl\/?page_id=1941"},"modified":"2026-03-11T10:05:18","modified_gmt":"2026-03-11T10:05:18","slug":"audyt-logistyki","status":"publish","type":"page","link":"https:\/\/www.pracownialogistyka.pl\/index.php\/audyt-logistyki\/","title":{"rendered":"Audyt procesu importu lub transportu"},"content":{"rendered":"\t\t<div data-elementor-type=\"wp-post\" data-elementor-id=\"1941\" class=\"elementor elementor-1941\" data-elementor-post-type=\"page\">\n\t\t\t\t\t\t<section class=\"penci-section penci-disSticky penci-structure-22 elementor-section elementor-top-section elementor-element elementor-element-21749a9 elementor-section-boxed elementor-section-height-default elementor-section-height-default\" data-id=\"21749a9\" data-element_type=\"section\" data-e-type=\"section\">\n\t\t\t\t\t\t<div class=\"elementor-container elementor-column-gap-default\">\n\t\t\t\t\t<div class=\"penci-ercol-66 penci-ercol-order-1 penci-sticky-ct  elementor-column elementor-col-66 elementor-top-column elementor-element elementor-element-053fca7\" data-id=\"053fca7\" data-element_type=\"column\" data-e-type=\"column\">\n\t\t\t<div class=\"elementor-widget-wrap elementor-element-populated\">\n\t\t\t\t\t\t<div class=\"elementor-element elementor-element-474699e elementor-widget elementor-widget-heading\" data-id=\"474699e\" data-element_type=\"widget\" data-e-type=\"widget\" data-widget_type=\"heading.default\">\n\t\t\t\t<div class=\"elementor-widget-container\">\n\t\t\t\t\t<h1 class=\"elementor-heading-title elementor-size-default\">Audyt procesu importu lub transportu<\/h1>\t\t\t\t<\/div>\n\t\t\t\t<\/div>\n\t\t\t\t<div class=\"elementor-element elementor-element-f001b41 elementor-widget elementor-widget-text-editor\" data-id=\"f001b41\" data-element_type=\"widget\" data-e-type=\"widget\" data-widget_type=\"text-editor.default\">\n\t\t\t\t<div class=\"elementor-widget-container\">\n\t\t\t\t\t\t\t\t\t<p><strong>Us\u0142uga dla firm, kt\u00f3re chc\u0105 sprawdzi\u0107, gdzie w ich logistyce powstaj\u0105 niepotrzebne koszty lub ryzyka operacyjne.<\/strong><\/p><p data-start=\"1458\" data-end=\"1549\">W trakcie audytu analizuj\u0119 aktualny model transportu i wskazuj\u0119 obszary wymagaj\u0105ce poprawy.<\/p>\t\t\t\t\t\t\t\t<\/div>\n\t\t\t\t<\/div>\n\t\t\t\t\t<\/div>\n\t\t<\/div>\n\t\t\t\t<div class=\"penci-ercol-33 penci-ercol-order-2 penci-sticky-sb penci-sidebarSC elementor-column elementor-col-33 elementor-top-column elementor-element elementor-element-529c2f7\" data-id=\"529c2f7\" data-element_type=\"column\" data-e-type=\"column\">\n\t\t\t<div class=\"elementor-widget-wrap elementor-element-populated\">\n\t\t\t\t\t\t<div class=\"elementor-element elementor-element-8120335 elementor-widget elementor-widget-image\" data-id=\"8120335\" data-element_type=\"widget\" data-e-type=\"widget\" data-widget_type=\"image.default\">\n\t\t\t\t<div class=\"elementor-widget-container\">\n\t\t\t\t\t\t\t\t\t\t\t\t\t\t\t<img fetchpriority=\"high\" decoding=\"async\" width=\"640\" height=\"426\" src=\"https:\/\/www.pracownialogistyka.pl\/wp-content\/uploads\/2021\/08\/economy-1792514_640.jpg\" class=\"attachment-large size-large wp-image-270\" alt=\"\" srcset=\"https:\/\/www.pracownialogistyka.pl\/wp-content\/uploads\/2021\/08\/economy-1792514_640.jpg 640w, https:\/\/www.pracownialogistyka.pl\/wp-content\/uploads\/2021\/08\/economy-1792514_640-300x200.jpg 300w, https:\/\/www.pracownialogistyka.pl\/wp-content\/uploads\/2021\/08\/economy-1792514_640-585x389.jpg 585w, https:\/\/www.pracownialogistyka.pl\/wp-content\/uploads\/2021\/08\/economy-1792514_640-263x175.jpg 263w\" sizes=\"(max-width: 640px) 100vw, 640px\" \/>\t\t\t\t\t\t\t\t\t\t\t\t\t\t\t<\/div>\n\t\t\t\t<\/div>\n\t\t\t\t\t<\/div>\n\t\t<\/div>\n\t\t\t\t\t<\/div>\n\t\t<\/section>\n\t\t\t\t<section class=\"penci-section penci-disSticky penci-structure-20 elementor-section elementor-top-section elementor-element elementor-element-414424c elementor-section-boxed elementor-section-height-default elementor-section-height-default\" data-id=\"414424c\" data-element_type=\"section\" data-e-type=\"section\">\n\t\t\t\t\t\t<div class=\"elementor-container elementor-column-gap-default\">\n\t\t\t\t\t<div class=\"penci-ercol-50 penci-ercol-order-1 penci-sticky-ct  elementor-column elementor-col-50 elementor-top-column elementor-element elementor-element-44e393e\" data-id=\"44e393e\" data-element_type=\"column\" data-e-type=\"column\">\n\t\t\t<div class=\"elementor-widget-wrap elementor-element-populated\">\n\t\t\t\t\t\t<div class=\"elementor-element elementor-element-00e91a6 elementor-widget elementor-widget-text-editor\" data-id=\"00e91a6\" data-element_type=\"widget\" data-e-type=\"widget\" data-widget_type=\"text-editor.default\">\n\t\t\t\t<div class=\"elementor-widget-container\">\n\t\t\t\t\t\t\t\t\t<p data-start=\"1551\" data-end=\"1570\"><strong data-start=\"1551\" data-end=\"1570\"><u>Zakres analizy:<\/u><\/strong><\/p><ul data-start=\"1572\" data-end=\"1780\"><li data-section-id=\"1idzpzl\" data-start=\"1572\" data-end=\"1598\"><p data-start=\"1574\" data-end=\"1598\">organizacja transportu<\/p><\/li><li data-section-id=\"kwn4r4\" data-start=\"1599\" data-end=\"1636\"><p data-start=\"1601\" data-end=\"1636\">dokumentacja transportowa i celna<\/p><\/li><li data-section-id=\"1ciekvu\" data-start=\"1637\" data-end=\"1672\"><p data-start=\"1639\" data-end=\"1672\">struktura koszt\u00f3w logistycznych<\/p><\/li><li data-section-id=\"19wrzsu\" data-start=\"1673\" data-end=\"1717\"><p data-start=\"1675\" data-end=\"1717\">wsp\u00f3\u0142praca z przewo\u017anikami i spedytorami<\/p><\/li><li data-section-id=\"u0uvbc\" data-start=\"1718\" data-end=\"1754\"><p data-start=\"1720\" data-end=\"1754\">identyfikacja ryzyk operacyjnych<\/p><\/li><li data-section-id=\"1h7z8ww\" data-start=\"1755\" data-end=\"1780\"><p data-start=\"1757\" data-end=\"1780\">rekomendacje usprawnie\u0144<\/p><\/li><\/ul>\t\t\t\t\t\t\t\t<\/div>\n\t\t\t\t<\/div>\n\t\t\t\t\t<\/div>\n\t\t<\/div>\n\t\t\t\t<div class=\"penci-ercol-50 penci-ercol-order-2 penci-sticky-ct  elementor-column elementor-col-50 elementor-top-column elementor-element elementor-element-de84e09\" data-id=\"de84e09\" data-element_type=\"column\" data-e-type=\"column\">\n\t\t\t<div class=\"elementor-widget-wrap elementor-element-populated\">\n\t\t\t\t\t\t<div class=\"elementor-element elementor-element-914e4ac elementor-widget elementor-widget-heading\" data-id=\"914e4ac\" data-element_type=\"widget\" data-e-type=\"widget\" data-widget_type=\"heading.default\">\n\t\t\t\t<div class=\"elementor-widget-container\">\n\t\t\t\t\t<h2 class=\"elementor-heading-title elementor-size-default\">Co otrzymujesz:<\/h2>\t\t\t\t<\/div>\n\t\t\t\t<\/div>\n\t\t\t\t<div class=\"elementor-element elementor-element-ff6785a elementor-icon-list--layout-traditional elementor-list-item-link-full_width elementor-widget elementor-widget-icon-list\" data-id=\"ff6785a\" data-element_type=\"widget\" data-e-type=\"widget\" data-widget_type=\"icon-list.default\">\n\t\t\t\t<div class=\"elementor-widget-container\">\n\t\t\t\t\t\t\t<ul class=\"elementor-icon-list-items\">\n\t\t\t\t\t\t\t<li class=\"elementor-icon-list-item\">\n\t\t\t\t\t\t\t\t\t\t\t<span class=\"elementor-icon-list-icon\">\n\t\t\t\t\t\t\t<i aria-hidden=\"true\" class=\"fas fa-arrow-right\"><\/i>\t\t\t\t\t\t<\/span>\n\t\t\t\t\t\t\t\t\t\t<span class=\"elementor-icon-list-text\">raport z rekomendacjami<\/span>\n\t\t\t\t\t\t\t\t\t<\/li>\n\t\t\t\t\t\t\t\t<li class=\"elementor-icon-list-item\">\n\t\t\t\t\t\t\t\t\t\t\t<span class=\"elementor-icon-list-icon\">\n\t\t\t\t\t\t\t<i aria-hidden=\"true\" class=\"fas fa-arrow-right\"><\/i>\t\t\t\t\t\t<\/span>\n\t\t\t\t\t\t\t\t\t\t<span class=\"elementor-icon-list-text\">checklisty i procedury do wdro\u017cenia<\/span>\n\t\t\t\t\t\t\t\t\t<\/li>\n\t\t\t\t\t\t\t\t<li class=\"elementor-icon-list-item\">\n\t\t\t\t\t\t\t\t\t\t\t<span class=\"elementor-icon-list-icon\">\n\t\t\t\t\t\t\t<i aria-hidden=\"true\" class=\"fas fa-arrow-right\"><\/i>\t\t\t\t\t\t<\/span>\n\t\t\t\t\t\t\t\t\t\t<span class=\"elementor-icon-list-text\">om\u00f3wienie wynik\u00f3w (30 minut)<\/span>\n\t\t\t\t\t\t\t\t\t<\/li>\n\t\t\t\t\t\t<\/ul>\n\t\t\t\t\t\t<\/div>\n\t\t\t\t<\/div>\n\t\t\t\t<div class=\"elementor-element elementor-element-120a3cb elementor-widget elementor-widget-heading\" data-id=\"120a3cb\" data-element_type=\"widget\" data-e-type=\"widget\" data-widget_type=\"heading.default\">\n\t\t\t\t<div class=\"elementor-widget-container\">\n\t\t\t\t\t<h6 class=\"elementor-heading-title elementor-size-default\"><p data-start=\"1272\" data-end=\"1294\"><strong data-start=\"1272\" data-end=\"1294\">Cena: 900 \u2013 2 200 z\u0142<\/strong><\/p><span style=\"font-family: Roboto, sans-serif;font-size: 15px;font-weight: 400\">Cennik ma charakter informacyjny i nie stanowi oferty w rozumieniu&nbsp;<\/span><strong data-start=\"1381\" data-end=\"1413\" style=\"font-family: Roboto, sans-serif;font-size: 15px\">art. 66 \u00a71 Kodeksu cywilnego<\/strong><span style=\"font-family: Roboto, sans-serif;font-size: 15px;font-weight: 400\">. Podane ceny s\u0105 orientacyjne i mog\u0105 ulec zmianie w zale\u017cno\u015bci od zakresu us\u0142ugi oraz specyfiki dzia\u0142alno\u015bci przedsi\u0119biorstwa. Podane ceny s\u0105 cenami netto.<\/span><\/h6>\t\t\t\t<\/div>\n\t\t\t\t<\/div>\n\t\t\t\t\t<\/div>\n\t\t<\/div>\n\t\t\t\t\t<\/div>\n\t\t<\/section>\n\t\t\t\t<\/div>\n\t\t","protected":false},"excerpt":{"rendered":"<p>Audyt procesu importu lub transportu Us\u0142uga dla firm, kt\u00f3re chc\u0105 sprawdzi\u0107, gdzie w ich logistyce powstaj\u0105 niepotrzebne koszty lub ryzyka operacyjne. W trakcie audytu analizuj\u0119 aktualny model transportu i wskazuj\u0119&hellip;<\/p>\n","protected":false},"author":1,"featured_media":0,"parent":0,"menu_order":0,"comment_status":"closed","ping_status":"closed","template":"","meta":{"footnotes":""},"class_list":["post-1941","page","type-page","status-publish","hentry"],"yoast_head":"<!-- This site is optimized with the Yoast SEO plugin v27.1.1 - https:\/\/yoast.com\/product\/yoast-seo-wordpress\/ -->\n<title>Audyt procesu importu lub transportu - Pracownia Logistyka<\/title>\n<meta name=\"robots\" content=\"index, follow, max-snippet:-1, max-image-preview:large, max-video-preview:-1\" \/>\n<link rel=\"canonical\" href=\"https:\/\/www.pracownialogistyka.pl\/index.php\/audyt-logistyki\/\" \/>\n<meta property=\"og:locale\" content=\"pl_PL\" \/>\n<meta property=\"og:type\" content=\"article\" \/>\n<meta property=\"og:title\" content=\"Audyt procesu importu lub transportu - Pracownia Logistyka\" \/>\n<meta property=\"og:description\" content=\"Audyt procesu importu lub transportu Us\u0142uga dla firm, kt\u00f3re chc\u0105 sprawdzi\u0107, gdzie w ich logistyce powstaj\u0105 niepotrzebne koszty lub ryzyka operacyjne. W trakcie audytu analizuj\u0119 aktualny model transportu i wskazuj\u0119&hellip;\" \/>\n<meta property=\"og:url\" content=\"https:\/\/www.pracownialogistyka.pl\/index.php\/audyt-logistyki\/\" \/>\n<meta property=\"og:site_name\" content=\"Pracownia Logistyka\" \/>\n<meta property=\"article:modified_time\" content=\"2026-03-11T10:05:18+00:00\" \/>\n<meta property=\"og:image\" content=\"https:\/\/www.pracownialogistyka.pl\/wp-content\/uploads\/2021\/08\/economy-1792514_640.jpg\" \/>\n\t<meta property=\"og:image:width\" content=\"640\" \/>\n\t<meta property=\"og:image:height\" content=\"426\" \/>\n\t<meta property=\"og:image:type\" content=\"image\/jpeg\" \/>\n<meta name=\"twitter:card\" content=\"summary_large_image\" \/>\n<meta name=\"twitter:label1\" content=\"Szacowany czas czytania\" \/>\n\t<meta name=\"twitter:data1\" content=\"1 minuta\" \/>\n<script type=\"application\/ld+json\" class=\"yoast-schema-graph\">{\"@context\":\"https:\/\/schema.org\",\"@graph\":[{\"@type\":\"WebPage\",\"@id\":\"https:\/\/www.pracownialogistyka.pl\/index.php\/audyt-logistyki\/\",\"url\":\"https:\/\/www.pracownialogistyka.pl\/index.php\/audyt-logistyki\/\",\"name\":\"Audyt procesu importu lub transportu - Pracownia Logistyka\",\"isPartOf\":{\"@id\":\"https:\/\/www.pracownialogistyka.pl\/#website\"},\"primaryImageOfPage\":{\"@id\":\"https:\/\/www.pracownialogistyka.pl\/index.php\/audyt-logistyki\/#primaryimage\"},\"image\":{\"@id\":\"https:\/\/www.pracownialogistyka.pl\/index.php\/audyt-logistyki\/#primaryimage\"},\"thumbnailUrl\":\"https:\/\/www.pracownialogistyka.pl\/wp-content\/uploads\/2021\/08\/economy-1792514_640.jpg\",\"datePublished\":\"2026-03-10T15:53:49+00:00\",\"dateModified\":\"2026-03-11T10:05:18+00:00\",\"breadcrumb\":{\"@id\":\"https:\/\/www.pracownialogistyka.pl\/index.php\/audyt-logistyki\/#breadcrumb\"},\"inLanguage\":\"pl-PL\",\"potentialAction\":[{\"@type\":\"ReadAction\",\"target\":[\"https:\/\/www.pracownialogistyka.pl\/index.php\/audyt-logistyki\/\"]}]},{\"@type\":\"ImageObject\",\"inLanguage\":\"pl-PL\",\"@id\":\"https:\/\/www.pracownialogistyka.pl\/index.php\/audyt-logistyki\/#primaryimage\",\"url\":\"https:\/\/www.pracownialogistyka.pl\/wp-content\/uploads\/2021\/08\/economy-1792514_640.jpg\",\"contentUrl\":\"https:\/\/www.pracownialogistyka.pl\/wp-content\/uploads\/2021\/08\/economy-1792514_640.jpg\",\"width\":640,\"height\":426},{\"@type\":\"BreadcrumbList\",\"@id\":\"https:\/\/www.pracownialogistyka.pl\/index.php\/audyt-logistyki\/#breadcrumb\",\"itemListElement\":[{\"@type\":\"ListItem\",\"position\":1,\"name\":\"Strona g\u0142\u00f3wna\",\"item\":\"https:\/\/www.pracownialogistyka.pl\/\"},{\"@type\":\"ListItem\",\"position\":2,\"name\":\"Audyt procesu importu lub transportu\"}]},{\"@type\":\"WebSite\",\"@id\":\"https:\/\/www.pracownialogistyka.pl\/#website\",\"url\":\"https:\/\/www.pracownialogistyka.pl\/\",\"name\":\"Pracownia Logistyka\",\"description\":\"Doradca ADR | Agent Celny | Logistyka mi\u0119dzynarodowa i import z Azji | Pomagam firmom M\u015aP uporz\u0105dkowa\u0107 procesy transportowe\",\"publisher\":{\"@id\":\"https:\/\/www.pracownialogistyka.pl\/#organization\"},\"potentialAction\":[{\"@type\":\"SearchAction\",\"target\":{\"@type\":\"EntryPoint\",\"urlTemplate\":\"https:\/\/www.pracownialogistyka.pl\/?s={search_term_string}\"},\"query-input\":{\"@type\":\"PropertyValueSpecification\",\"valueRequired\":true,\"valueName\":\"search_term_string\"}}],\"inLanguage\":\"pl-PL\"},{\"@type\":\"Organization\",\"@id\":\"https:\/\/www.pracownialogistyka.pl\/#organization\",\"name\":\"Pracownia Logistyka\",\"url\":\"https:\/\/www.pracownialogistyka.pl\/\",\"logo\":{\"@type\":\"ImageObject\",\"inLanguage\":\"pl-PL\",\"@id\":\"https:\/\/www.pracownialogistyka.pl\/#\/schema\/logo\/image\/\",\"url\":\"https:\/\/www.pracownialogistyka.pl\/wp-content\/uploads\/2020\/07\/PL-logo-150dpi.jpg\",\"contentUrl\":\"https:\/\/www.pracownialogistyka.pl\/wp-content\/uploads\/2020\/07\/PL-logo-150dpi.jpg\",\"width\":742,\"height\":258,\"caption\":\"Pracownia Logistyka\"},\"image\":{\"@id\":\"https:\/\/www.pracownialogistyka.pl\/#\/schema\/logo\/image\/\"}}]}<\/script>\n<!-- \/ Yoast SEO plugin. -->","yoast_head_json":{"title":"Audyt procesu importu lub transportu - Pracownia Logistyka","robots":{"index":"index","follow":"follow","max-snippet":"max-snippet:-1","max-image-preview":"max-image-preview:large","max-video-preview":"max-video-preview:-1"},"canonical":"https:\/\/www.pracownialogistyka.pl\/index.php\/audyt-logistyki\/","og_locale":"pl_PL","og_type":"article","og_title":"Audyt procesu importu lub transportu - Pracownia Logistyka","og_description":"Audyt procesu importu lub transportu Us\u0142uga dla firm, kt\u00f3re chc\u0105 sprawdzi\u0107, gdzie w ich logistyce powstaj\u0105 niepotrzebne koszty lub ryzyka operacyjne. W trakcie audytu analizuj\u0119 aktualny model transportu i wskazuj\u0119&hellip;","og_url":"https:\/\/www.pracownialogistyka.pl\/index.php\/audyt-logistyki\/","og_site_name":"Pracownia Logistyka","article_modified_time":"2026-03-11T10:05:18+00:00","og_image":[{"width":640,"height":426,"url":"https:\/\/www.pracownialogistyka.pl\/wp-content\/uploads\/2021\/08\/economy-1792514_640.jpg","type":"image\/jpeg"}],"twitter_card":"summary_large_image","twitter_misc":{"Szacowany czas czytania":"1 minuta"},"schema":{"@context":"https:\/\/schema.org","@graph":[{"@type":"WebPage","@id":"https:\/\/www.pracownialogistyka.pl\/index.php\/audyt-logistyki\/","url":"https:\/\/www.pracownialogistyka.pl\/index.php\/audyt-logistyki\/","name":"Audyt procesu importu lub transportu - Pracownia Logistyka","isPartOf":{"@id":"https:\/\/www.pracownialogistyka.pl\/#website"},"primaryImageOfPage":{"@id":"https:\/\/www.pracownialogistyka.pl\/index.php\/audyt-logistyki\/#primaryimage"},"image":{"@id":"https:\/\/www.pracownialogistyka.pl\/index.php\/audyt-logistyki\/#primaryimage"},"thumbnailUrl":"https:\/\/www.pracownialogistyka.pl\/wp-content\/uploads\/2021\/08\/economy-1792514_640.jpg","datePublished":"2026-03-10T15:53:49+00:00","dateModified":"2026-03-11T10:05:18+00:00","breadcrumb":{"@id":"https:\/\/www.pracownialogistyka.pl\/index.php\/audyt-logistyki\/#breadcrumb"},"inLanguage":"pl-PL","potentialAction":[{"@type":"ReadAction","target":["https:\/\/www.pracownialogistyka.pl\/index.php\/audyt-logistyki\/"]}]},{"@type":"ImageObject","inLanguage":"pl-PL","@id":"https:\/\/www.pracownialogistyka.pl\/index.php\/audyt-logistyki\/#primaryimage","url":"https:\/\/www.pracownialogistyka.pl\/wp-content\/uploads\/2021\/08\/economy-1792514_640.jpg","contentUrl":"https:\/\/www.pracownialogistyka.pl\/wp-content\/uploads\/2021\/08\/economy-1792514_640.jpg","width":640,"height":426},{"@type":"BreadcrumbList","@id":"https:\/\/www.pracownialogistyka.pl\/index.php\/audyt-logistyki\/#breadcrumb","itemListElement":[{"@type":"ListItem","position":1,"name":"Strona g\u0142\u00f3wna","item":"https:\/\/www.pracownialogistyka.pl\/"},{"@type":"ListItem","position":2,"name":"Audyt procesu importu lub transportu"}]},{"@type":"WebSite","@id":"https:\/\/www.pracownialogistyka.pl\/#website","url":"https:\/\/www.pracownialogistyka.pl\/","name":"Pracownia Logistyka","description":"Doradca ADR | Agent Celny | Logistyka mi\u0119dzynarodowa i import z Azji | Pomagam firmom M\u015aP uporz\u0105dkowa\u0107 procesy transportowe","publisher":{"@id":"https:\/\/www.pracownialogistyka.pl\/#organization"},"potentialAction":[{"@type":"SearchAction","target":{"@type":"EntryPoint","urlTemplate":"https:\/\/www.pracownialogistyka.pl\/?s={search_term_string}"},"query-input":{"@type":"PropertyValueSpecification","valueRequired":true,"valueName":"search_term_string"}}],"inLanguage":"pl-PL"},{"@type":"Organization","@id":"https:\/\/www.pracownialogistyka.pl\/#organization","name":"Pracownia Logistyka","url":"https:\/\/www.pracownialogistyka.pl\/","logo":{"@type":"ImageObject","inLanguage":"pl-PL","@id":"https:\/\/www.pracownialogistyka.pl\/#\/schema\/logo\/image\/","url":"https:\/\/www.pracownialogistyka.pl\/wp-content\/uploads\/2020\/07\/PL-logo-150dpi.jpg","contentUrl":"https:\/\/www.pracownialogistyka.pl\/wp-content\/uploads\/2020\/07\/PL-logo-150dpi.jpg","width":742,"height":258,"caption":"Pracownia Logistyka"},"image":{"@id":"https:\/\/www.pracownialogistyka.pl\/#\/schema\/logo\/image\/"}}]}},"_links":{"self":[{"href":"https:\/\/www.pracownialogistyka.pl\/index.php\/wp-json\/wp\/v2\/pages\/1941","targetHints":{"allow":["GET"]}}],"collection":[{"href":"https:\/\/www.pracownialogistyka.pl\/index.php\/wp-json\/wp\/v2\/pages"}],"about":[{"href":"https:\/\/www.pracownialogistyka.pl\/index.php\/wp-json\/wp\/v2\/types\/page"}],"author":[{"embeddable":true,"href":"https:\/\/www.pracownialogistyka.pl\/index.php\/wp-json\/wp\/v2\/users\/1"}],"replies":[{"embeddable":true,"href":"https:\/\/www.pracownialogistyka.pl\/index.php\/wp-json\/wp\/v2\/comments?post=1941"}],"version-history":[{"count":16,"href":"https:\/\/www.pracownialogistyka.pl\/index.php\/wp-json\/wp\/v2\/pages\/1941\/revisions"}],"predecessor-version":[{"id":1971,"href":"https:\/\/www.pracownialogistyka.pl\/index.php\/wp-json\/wp\/v2\/pages\/1941\/revisions\/1971"}],"wp:attachment":[{"href":"https:\/\/www.pracownialogistyka.pl\/index.php\/wp-json\/wp\/v2\/media?parent=1941"}],"curies":[{"name":"wp","href":"https:\/\/api.w.org\/{rel}","templated":true}]}}