{"id":1463,"date":"2022-10-11T07:13:28","date_gmt":"2022-10-11T07:13:28","guid":{"rendered":"https:\/\/www.pracownialogistyka.pl\/?page_id=1463"},"modified":"2026-03-11T10:36:42","modified_gmt":"2026-03-11T10:36:42","slug":"adr-doradztwo","status":"publish","type":"page","link":"https:\/\/www.pracownialogistyka.pl\/index.php\/adr-doradztwo\/","title":{"rendered":"ADR &#8211; Doradztwo"},"content":{"rendered":"\t\t<div data-elementor-type=\"wp-page\" data-elementor-id=\"1463\" class=\"elementor elementor-1463\" data-elementor-post-type=\"page\">\n\t\t\t\t\t\t<section class=\"penci-section penci-disSticky penci-structure-20 elementor-section elementor-top-section elementor-element elementor-element-d22ea73 elementor-section-boxed elementor-section-height-default elementor-section-height-default\" data-id=\"d22ea73\" data-element_type=\"section\" data-e-type=\"section\">\n\t\t\t\t\t\t<div class=\"elementor-container elementor-column-gap-default\">\n\t\t\t\t\t<div class=\"penci-ercol-50 penci-ercol-order-1 penci-sticky-ct  elementor-column elementor-col-50 elementor-top-column elementor-element elementor-element-60693ec\" data-id=\"60693ec\" data-element_type=\"column\" data-e-type=\"column\">\n\t\t\t<div class=\"elementor-widget-wrap elementor-element-populated\">\n\t\t\t\t\t\t<div class=\"elementor-element elementor-element-f7910e6 elementor-widget elementor-widget-text-editor\" data-id=\"f7910e6\" data-element_type=\"widget\" data-e-type=\"widget\" data-widget_type=\"text-editor.default\">\n\t\t\t\t<div class=\"elementor-widget-container\">\n\t\t\t\t\t\t\t\t\t<h2 data-section-id=\"1evoc55\" data-start=\"364\" data-end=\"444\"><strong data-start=\"367\" data-end=\"442\">Doradztwo ADR i bezpiecze\u0144stwo transportu materia\u0142\u00f3w niebezpiecznych<\/strong><\/h2><p data-start=\"445\" data-end=\"554\">Zapewniam kompleksowe wsparcie w zakresie przewozu towar\u00f3w niebezpiecznych zgodnie z przepisami ADR, w tym:<\/p><ul><li style=\"list-style-type: none;\"><ul data-start=\"555\" data-end=\"796\"><li data-section-id=\"1ojgu0j\" data-start=\"555\" data-end=\"604\"><p data-start=\"557\" data-end=\"604\">audyty procedur i dokumentacji transportowej,<\/p><\/li><li data-section-id=\"ujy2p6\" data-start=\"605\" data-end=\"659\"><p data-start=\"607\" data-end=\"659\">przygotowanie Shipper\u2019s Declaration i oznakowania,<\/p><\/li><li data-section-id=\"1gzkwzx\" data-start=\"660\" data-end=\"731\"><p data-start=\"662\" data-end=\"731\">szkolenia personelu w zakresie przewozu materia\u0142\u00f3w niebezpiecznych,<\/p><\/li><li data-section-id=\"1payliq\" data-start=\"732\" data-end=\"796\"><p data-start=\"734\" data-end=\"796\">wsparcie w rozwi\u0105zywaniu problem\u00f3w operacyjnych i kontrolnych.<\/p><\/li><\/ul><\/li><\/ul><p>Skontaktuj si\u0119 ze mn\u0105. Wsp\u00f3lnie spr\u00f3bujemy znale\u017a\u0107 rozwi\u0105zanie.<\/p>\t\t\t\t\t\t\t\t<\/div>\n\t\t\t\t<\/div>\n\t\t\t\t\t<\/div>\n\t\t<\/div>\n\t\t\t\t<div class=\"penci-ercol-50 penci-ercol-order-2 penci-sticky-ct  elementor-column elementor-col-50 elementor-top-column elementor-element elementor-element-08b2627\" data-id=\"08b2627\" data-element_type=\"column\" data-e-type=\"column\">\n\t\t\t<div class=\"elementor-widget-wrap elementor-element-populated\">\n\t\t\t\t\t\t<div class=\"elementor-element elementor-element-64fda7a elementor-widget elementor-widget-image\" data-id=\"64fda7a\" data-element_type=\"widget\" data-e-type=\"widget\" data-widget_type=\"image.default\">\n\t\t\t\t<div class=\"elementor-widget-container\">\n\t\t\t\t\t\t\t\t\t\t\t\t\t\t\t<img fetchpriority=\"high\" decoding=\"async\" width=\"1024\" height=\"683\" src=\"https:\/\/www.pracownialogistyka.pl\/wp-content\/uploads\/2026\/03\/ADR-ciezarowka-nalepki-1024x683.png\" class=\"attachment-large size-large wp-image-2013\" alt=\"\" srcset=\"https:\/\/www.pracownialogistyka.pl\/wp-content\/uploads\/2026\/03\/ADR-ciezarowka-nalepki-1024x683.png 1024w, https:\/\/www.pracownialogistyka.pl\/wp-content\/uploads\/2026\/03\/ADR-ciezarowka-nalepki-300x200.png 300w, https:\/\/www.pracownialogistyka.pl\/wp-content\/uploads\/2026\/03\/ADR-ciezarowka-nalepki-768x512.png 768w, https:\/\/www.pracownialogistyka.pl\/wp-content\/uploads\/2026\/03\/ADR-ciezarowka-nalepki-1170x780.png 1170w, https:\/\/www.pracownialogistyka.pl\/wp-content\/uploads\/2026\/03\/ADR-ciezarowka-nalepki-585x390.png 585w, https:\/\/www.pracownialogistyka.pl\/wp-content\/uploads\/2026\/03\/ADR-ciezarowka-nalepki-263x175.png 263w, https:\/\/www.pracownialogistyka.pl\/wp-content\/uploads\/2026\/03\/ADR-ciezarowka-nalepki.png 1536w\" sizes=\"(max-width: 1024px) 100vw, 1024px\" \/>\t\t\t\t\t\t\t\t\t\t\t\t\t\t\t<\/div>\n\t\t\t\t<\/div>\n\t\t\t\t\t<\/div>\n\t\t<\/div>\n\t\t\t\t\t<\/div>\n\t\t<\/section>\n\t\t\t\t<section class=\"penci-section penci-disSticky penci-structure-10 elementor-section elementor-top-section elementor-element elementor-element-75fa3ecf elementor-section-boxed elementor-section-height-default elementor-section-height-default\" data-id=\"75fa3ecf\" data-element_type=\"section\" data-e-type=\"section\">\n\t\t\t\t\t\t<div class=\"elementor-container elementor-column-gap-default\">\n\t\t\t\t\t<div class=\"penci-ercol-100 penci-ercol-order-1 penci-sticky-ct  elementor-column elementor-col-100 elementor-top-column elementor-element elementor-element-22be2151\" data-id=\"22be2151\" data-element_type=\"column\" data-e-type=\"column\">\n\t\t\t<div class=\"elementor-widget-wrap elementor-element-populated\">\n\t\t\t\t\t\t<div class=\"elementor-element elementor-element-34da997 elementor-button-align-stretch elementor-widget elementor-widget-form\" data-id=\"34da997\" data-element_type=\"widget\" data-e-type=\"widget\" data-settings=\"{&quot;step_next_label&quot;:&quot;Next&quot;,&quot;step_previous_label&quot;:&quot;Previous&quot;,&quot;button_width&quot;:&quot;100&quot;,&quot;step_type&quot;:&quot;number_text&quot;,&quot;step_icon_shape&quot;:&quot;circle&quot;}\" data-widget_type=\"form.default\">\n\t\t\t\t<div class=\"elementor-widget-container\">\n\t\t\t\t\t\t\t<form class=\"elementor-form\" method=\"post\" name=\"New Form\" aria-label=\"New Form\">\n\t\t\t<input type=\"hidden\" name=\"post_id\" value=\"1463\"\/>\n\t\t\t<input type=\"hidden\" name=\"form_id\" value=\"34da997\"\/>\n\t\t\t<input type=\"hidden\" name=\"referer_title\" value=\"ADR - Doradztwo - Pracownia Logistyka\" \/>\n\n\t\t\t\t\t\t\t<input type=\"hidden\" name=\"queried_id\" value=\"1463\"\/>\n\t\t\t\n\t\t\t<div class=\"elementor-form-fields-wrapper elementor-labels-above\">\n\t\t\t\t\t\t\t\t<div class=\"elementor-field-type-text elementor-field-group elementor-column elementor-field-group-name elementor-col-100\">\n\t\t\t\t\t\t\t\t\t\t\t\t\t<input size=\"1\" type=\"text\" name=\"form_fields[name]\" id=\"form-field-name\" class=\"elementor-field elementor-size-sm  elementor-field-textual\" placeholder=\"Imi\u0119\">\n\t\t\t\t\t\t\t\t\t\t\t<\/div>\n\t\t\t\t\t\t\t\t<div class=\"elementor-field-type-email elementor-field-group elementor-column elementor-field-group-email elementor-col-100 elementor-field-required\">\n\t\t\t\t\t\t\t\t\t\t\t\t\t<input size=\"1\" type=\"email\" name=\"form_fields[email]\" id=\"form-field-email\" class=\"elementor-field elementor-size-sm  elementor-field-textual\" placeholder=\"Adres email\" required=\"required\">\n\t\t\t\t\t\t\t\t\t\t\t<\/div>\n\t\t\t\t\t\t\t\t<div class=\"elementor-field-type-textarea elementor-field-group elementor-column elementor-field-group-message elementor-col-100\">\n\t\t\t\t\t<textarea class=\"elementor-field-textual elementor-field  elementor-size-sm\" name=\"form_fields[message]\" id=\"form-field-message\" rows=\"4\" placeholder=\"Wiadomo\u015b\u0107\"><\/textarea>\t\t\t\t<\/div>\n\t\t\t\t\t\t\t\t<div class=\"elementor-field-group elementor-column elementor-field-type-submit elementor-col-100 e-form__buttons\">\n\t\t\t\t\t<button class=\"elementor-button elementor-size-sm\" type=\"submit\">\n\t\t\t\t\t\t<span class=\"elementor-button-content-wrapper\">\n\t\t\t\t\t\t\t\t\t\t\t\t\t\t\t\t\t\t\t\t\t\t<span class=\"elementor-button-text\">Wy\u015blij<\/span>\n\t\t\t\t\t\t\t\t\t\t\t\t\t<\/span>\n\t\t\t\t\t<\/button>\n\t\t\t\t<\/div>\n\t\t\t<\/div>\n\t\t<\/form>\n\t\t\t\t\t\t<\/div>\n\t\t\t\t<\/div>\n\t\t\t\t\t<\/div>\n\t\t<\/div>\n\t\t\t\t\t<\/div>\n\t\t<\/section>\n\t\t\t\t<\/div>\n\t\t","protected":false},"excerpt":{"rendered":"<p>Doradztwo ADR i bezpiecze\u0144stwo transportu materia\u0142\u00f3w niebezpiecznych Zapewniam kompleksowe wsparcie w zakresie przewozu towar\u00f3w niebezpiecznych zgodnie z przepisami ADR, w tym: audyty procedur i dokumentacji transportowej, przygotowanie Shipper\u2019s Declaration i&hellip;<\/p>\n","protected":false},"author":1,"featured_media":0,"parent":0,"menu_order":0,"comment_status":"closed","ping_status":"closed","template":"","meta":{"footnotes":""},"class_list":["post-1463","page","type-page","status-publish","hentry"],"yoast_head":"<!-- This site is optimized with the Yoast SEO plugin v27.1.1 - https:\/\/yoast.com\/product\/yoast-seo-wordpress\/ -->\n<title>ADR - Doradztwo - Pracownia Logistyka<\/title>\n<meta name=\"robots\" content=\"index, follow, max-snippet:-1, max-image-preview:large, max-video-preview:-1\" \/>\n<link rel=\"canonical\" href=\"https:\/\/www.pracownialogistyka.pl\/index.php\/adr-doradztwo\/\" \/>\n<meta property=\"og:locale\" content=\"pl_PL\" \/>\n<meta property=\"og:type\" content=\"article\" \/>\n<meta property=\"og:title\" content=\"ADR - Doradztwo - Pracownia Logistyka\" \/>\n<meta property=\"og:description\" content=\"Doradztwo ADR i bezpiecze\u0144stwo transportu materia\u0142\u00f3w niebezpiecznych Zapewniam kompleksowe wsparcie w zakresie przewozu towar\u00f3w niebezpiecznych zgodnie z przepisami ADR, w tym: audyty procedur i dokumentacji transportowej, przygotowanie Shipper\u2019s Declaration i&hellip;\" \/>\n<meta property=\"og:url\" content=\"https:\/\/www.pracownialogistyka.pl\/index.php\/adr-doradztwo\/\" \/>\n<meta property=\"og:site_name\" content=\"Pracownia Logistyka\" \/>\n<meta property=\"article:modified_time\" content=\"2026-03-11T10:36:42+00:00\" \/>\n<meta property=\"og:image\" content=\"https:\/\/www.pracownialogistyka.pl\/wp-content\/uploads\/2026\/03\/ADR-ciezarowka-nalepki-1024x683.png\" \/>\n\t<meta property=\"og:image:width\" content=\"1024\" \/>\n\t<meta property=\"og:image:height\" content=\"683\" \/>\n\t<meta property=\"og:image:type\" content=\"image\/png\" \/>\n<meta name=\"twitter:card\" content=\"summary_large_image\" \/>\n<script type=\"application\/ld+json\" class=\"yoast-schema-graph\">{\"@context\":\"https:\/\/schema.org\",\"@graph\":[{\"@type\":\"WebPage\",\"@id\":\"https:\/\/www.pracownialogistyka.pl\/index.php\/adr-doradztwo\/\",\"url\":\"https:\/\/www.pracownialogistyka.pl\/index.php\/adr-doradztwo\/\",\"name\":\"ADR - Doradztwo - Pracownia Logistyka\",\"isPartOf\":{\"@id\":\"https:\/\/www.pracownialogistyka.pl\/#website\"},\"primaryImageOfPage\":{\"@id\":\"https:\/\/www.pracownialogistyka.pl\/index.php\/adr-doradztwo\/#primaryimage\"},\"image\":{\"@id\":\"https:\/\/www.pracownialogistyka.pl\/index.php\/adr-doradztwo\/#primaryimage\"},\"thumbnailUrl\":\"https:\/\/www.pracownialogistyka.pl\/wp-content\/uploads\/2026\/03\/ADR-ciezarowka-nalepki-1024x683.png\",\"datePublished\":\"2022-10-11T07:13:28+00:00\",\"dateModified\":\"2026-03-11T10:36:42+00:00\",\"breadcrumb\":{\"@id\":\"https:\/\/www.pracownialogistyka.pl\/index.php\/adr-doradztwo\/#breadcrumb\"},\"inLanguage\":\"pl-PL\",\"potentialAction\":[{\"@type\":\"ReadAction\",\"target\":[\"https:\/\/www.pracownialogistyka.pl\/index.php\/adr-doradztwo\/\"]}]},{\"@type\":\"ImageObject\",\"inLanguage\":\"pl-PL\",\"@id\":\"https:\/\/www.pracownialogistyka.pl\/index.php\/adr-doradztwo\/#primaryimage\",\"url\":\"https:\/\/www.pracownialogistyka.pl\/wp-content\/uploads\/2026\/03\/ADR-ciezarowka-nalepki.png\",\"contentUrl\":\"https:\/\/www.pracownialogistyka.pl\/wp-content\/uploads\/2026\/03\/ADR-ciezarowka-nalepki.png\",\"width\":1536,\"height\":1024},{\"@type\":\"BreadcrumbList\",\"@id\":\"https:\/\/www.pracownialogistyka.pl\/index.php\/adr-doradztwo\/#breadcrumb\",\"itemListElement\":[{\"@type\":\"ListItem\",\"position\":1,\"name\":\"Strona g\u0142\u00f3wna\",\"item\":\"https:\/\/www.pracownialogistyka.pl\/\"},{\"@type\":\"ListItem\",\"position\":2,\"name\":\"ADR &#8211; Doradztwo\"}]},{\"@type\":\"WebSite\",\"@id\":\"https:\/\/www.pracownialogistyka.pl\/#website\",\"url\":\"https:\/\/www.pracownialogistyka.pl\/\",\"name\":\"Pracownia Logistyka\",\"description\":\"Doradca ADR | Agent Celny | Logistyka mi\u0119dzynarodowa i import z Azji | Pomagam firmom M\u015aP uporz\u0105dkowa\u0107 procesy transportowe\",\"publisher\":{\"@id\":\"https:\/\/www.pracownialogistyka.pl\/#organization\"},\"potentialAction\":[{\"@type\":\"SearchAction\",\"target\":{\"@type\":\"EntryPoint\",\"urlTemplate\":\"https:\/\/www.pracownialogistyka.pl\/?s={search_term_string}\"},\"query-input\":{\"@type\":\"PropertyValueSpecification\",\"valueRequired\":true,\"valueName\":\"search_term_string\"}}],\"inLanguage\":\"pl-PL\"},{\"@type\":\"Organization\",\"@id\":\"https:\/\/www.pracownialogistyka.pl\/#organization\",\"name\":\"Pracownia Logistyka\",\"url\":\"https:\/\/www.pracownialogistyka.pl\/\",\"logo\":{\"@type\":\"ImageObject\",\"inLanguage\":\"pl-PL\",\"@id\":\"https:\/\/www.pracownialogistyka.pl\/#\/schema\/logo\/image\/\",\"url\":\"https:\/\/www.pracownialogistyka.pl\/wp-content\/uploads\/2020\/07\/PL-logo-150dpi.jpg\",\"contentUrl\":\"https:\/\/www.pracownialogistyka.pl\/wp-content\/uploads\/2020\/07\/PL-logo-150dpi.jpg\",\"width\":742,\"height\":258,\"caption\":\"Pracownia Logistyka\"},\"image\":{\"@id\":\"https:\/\/www.pracownialogistyka.pl\/#\/schema\/logo\/image\/\"}}]}<\/script>\n<!-- \/ Yoast SEO plugin. -->","yoast_head_json":{"title":"ADR - Doradztwo - Pracownia Logistyka","robots":{"index":"index","follow":"follow","max-snippet":"max-snippet:-1","max-image-preview":"max-image-preview:large","max-video-preview":"max-video-preview:-1"},"canonical":"https:\/\/www.pracownialogistyka.pl\/index.php\/adr-doradztwo\/","og_locale":"pl_PL","og_type":"article","og_title":"ADR - Doradztwo - Pracownia Logistyka","og_description":"Doradztwo ADR i bezpiecze\u0144stwo transportu materia\u0142\u00f3w niebezpiecznych Zapewniam kompleksowe wsparcie w zakresie przewozu towar\u00f3w niebezpiecznych zgodnie z przepisami ADR, w tym: audyty procedur i dokumentacji transportowej, przygotowanie Shipper\u2019s Declaration i&hellip;","og_url":"https:\/\/www.pracownialogistyka.pl\/index.php\/adr-doradztwo\/","og_site_name":"Pracownia Logistyka","article_modified_time":"2026-03-11T10:36:42+00:00","og_image":[{"width":1024,"height":683,"url":"https:\/\/www.pracownialogistyka.pl\/wp-content\/uploads\/2026\/03\/ADR-ciezarowka-nalepki-1024x683.png","type":"image\/png"}],"twitter_card":"summary_large_image","schema":{"@context":"https:\/\/schema.org","@graph":[{"@type":"WebPage","@id":"https:\/\/www.pracownialogistyka.pl\/index.php\/adr-doradztwo\/","url":"https:\/\/www.pracownialogistyka.pl\/index.php\/adr-doradztwo\/","name":"ADR - Doradztwo - Pracownia Logistyka","isPartOf":{"@id":"https:\/\/www.pracownialogistyka.pl\/#website"},"primaryImageOfPage":{"@id":"https:\/\/www.pracownialogistyka.pl\/index.php\/adr-doradztwo\/#primaryimage"},"image":{"@id":"https:\/\/www.pracownialogistyka.pl\/index.php\/adr-doradztwo\/#primaryimage"},"thumbnailUrl":"https:\/\/www.pracownialogistyka.pl\/wp-content\/uploads\/2026\/03\/ADR-ciezarowka-nalepki-1024x683.png","datePublished":"2022-10-11T07:13:28+00:00","dateModified":"2026-03-11T10:36:42+00:00","breadcrumb":{"@id":"https:\/\/www.pracownialogistyka.pl\/index.php\/adr-doradztwo\/#breadcrumb"},"inLanguage":"pl-PL","potentialAction":[{"@type":"ReadAction","target":["https:\/\/www.pracownialogistyka.pl\/index.php\/adr-doradztwo\/"]}]},{"@type":"ImageObject","inLanguage":"pl-PL","@id":"https:\/\/www.pracownialogistyka.pl\/index.php\/adr-doradztwo\/#primaryimage","url":"https:\/\/www.pracownialogistyka.pl\/wp-content\/uploads\/2026\/03\/ADR-ciezarowka-nalepki.png","contentUrl":"https:\/\/www.pracownialogistyka.pl\/wp-content\/uploads\/2026\/03\/ADR-ciezarowka-nalepki.png","width":1536,"height":1024},{"@type":"BreadcrumbList","@id":"https:\/\/www.pracownialogistyka.pl\/index.php\/adr-doradztwo\/#breadcrumb","itemListElement":[{"@type":"ListItem","position":1,"name":"Strona g\u0142\u00f3wna","item":"https:\/\/www.pracownialogistyka.pl\/"},{"@type":"ListItem","position":2,"name":"ADR &#8211; Doradztwo"}]},{"@type":"WebSite","@id":"https:\/\/www.pracownialogistyka.pl\/#website","url":"https:\/\/www.pracownialogistyka.pl\/","name":"Pracownia Logistyka","description":"Doradca ADR | Agent Celny | Logistyka mi\u0119dzynarodowa i import z Azji | Pomagam firmom M\u015aP uporz\u0105dkowa\u0107 procesy transportowe","publisher":{"@id":"https:\/\/www.pracownialogistyka.pl\/#organization"},"potentialAction":[{"@type":"SearchAction","target":{"@type":"EntryPoint","urlTemplate":"https:\/\/www.pracownialogistyka.pl\/?s={search_term_string}"},"query-input":{"@type":"PropertyValueSpecification","valueRequired":true,"valueName":"search_term_string"}}],"inLanguage":"pl-PL"},{"@type":"Organization","@id":"https:\/\/www.pracownialogistyka.pl\/#organization","name":"Pracownia Logistyka","url":"https:\/\/www.pracownialogistyka.pl\/","logo":{"@type":"ImageObject","inLanguage":"pl-PL","@id":"https:\/\/www.pracownialogistyka.pl\/#\/schema\/logo\/image\/","url":"https:\/\/www.pracownialogistyka.pl\/wp-content\/uploads\/2020\/07\/PL-logo-150dpi.jpg","contentUrl":"https:\/\/www.pracownialogistyka.pl\/wp-content\/uploads\/2020\/07\/PL-logo-150dpi.jpg","width":742,"height":258,"caption":"Pracownia Logistyka"},"image":{"@id":"https:\/\/www.pracownialogistyka.pl\/#\/schema\/logo\/image\/"}}]}},"_links":{"self":[{"href":"https:\/\/www.pracownialogistyka.pl\/index.php\/wp-json\/wp\/v2\/pages\/1463","targetHints":{"allow":["GET"]}}],"collection":[{"href":"https:\/\/www.pracownialogistyka.pl\/index.php\/wp-json\/wp\/v2\/pages"}],"about":[{"href":"https:\/\/www.pracownialogistyka.pl\/index.php\/wp-json\/wp\/v2\/types\/page"}],"author":[{"embeddable":true,"href":"https:\/\/www.pracownialogistyka.pl\/index.php\/wp-json\/wp\/v2\/users\/1"}],"replies":[{"embeddable":true,"href":"https:\/\/www.pracownialogistyka.pl\/index.php\/wp-json\/wp\/v2\/comments?post=1463"}],"version-history":[{"count":57,"href":"https:\/\/www.pracownialogistyka.pl\/index.php\/wp-json\/wp\/v2\/pages\/1463\/revisions"}],"predecessor-version":[{"id":2037,"href":"https:\/\/www.pracownialogistyka.pl\/index.php\/wp-json\/wp\/v2\/pages\/1463\/revisions\/2037"}],"wp:attachment":[{"href":"https:\/\/www.pracownialogistyka.pl\/index.php\/wp-json\/wp\/v2\/media?parent=1463"}],"curies":[{"name":"wp","href":"https:\/\/api.w.org\/{rel}","templated":true}]}}